{"id":332,"date":"2021-02-20T07:25:00","date_gmt":"2021-02-20T06:25:00","guid":{"rendered":"http:\/\/digitalysator.com\/blog\/?page_id=332"},"modified":"2026-05-16T17:35:57","modified_gmt":"2026-05-16T15:35:57","slug":"digitalysator","status":"publish","type":"page","link":"https:\/\/digitalysator.com\/blog\/digitalysator\/","title":{"rendered":"Digitalysator"},"content":{"rendered":"\n<h2 class=\"wp-block-heading\">Was ist das?<\/h2>\n\n\n\n<p>Der Begriff Digitalysator ist eine Komposition der beiden Worte:<\/p>\n\n\n\n<ul class=\"wp-block-list\">\n<li><a href=\"https:\/\/de.wikipedia.org\/wiki\/Digitale_Transformation\" target=\"_blank\" rel=\"noreferrer noopener\">Digitale Transformation<\/a><\/li>\n\n\n\n<li><a href=\"https:\/\/de.wikipedia.org\/wiki\/Katalysator\" target=\"_blank\" rel=\"noreferrer noopener\">Katalysator<\/a><\/li>\n<\/ul>\n\n\n\n<p>Wenn man so will ein Neologismus, der mir in Bezug auf meine T\u00e4tigkeiten und Aktivit\u00e4ten im IT-Bereich eingefallen ist. Das Kunstwort Digitalysator steht f\u00fcr eine Funktion innerhalb eines Digitalisierungsprojekts. Urspr\u00fcnglich sollte es die Vereinigung von T\u00e4tigkeiten und Aufgaben mit Bezug zur Zielsetzung des Projekts zum Ausdruck bringen.<\/p>\n\n\n\n<p>Wenn jemand fragt: &#8222;Was machst du beruflich?&#8220;, dann kann ich antworten. &#8222;Ich bin Digitalysator&#8220;.<\/p>\n\n\n\n<p>Entweder wird der Fragende irritiert schauen und nachfragen, was das sein soll. Oder er wird es akzeptieren und denken: Ah, er ist nicht G\u00e4rtner, sondern Digitalysator.<\/p>\n\n\n\n<p>In der Tat finde ich es schwierig, meine T\u00e4tigkeit kurz und knapp auf den Punkt zu bringen. Der Begriff vereinigt auf einer sehr hohen Flugebene meine Bestrebungen, die unabh\u00e4ngig von Branche und Fachbereich sind. Wenn eine Person sagt: &#8222;Ich bin Maurer&#8220; kommen selten R\u00fcckfragen. Vielleicht gelingt das mit Digitalysator auch eines Tages. Es ist aber nicht meine Bestrebung, sondern eher eine spannende Vorstellung.<\/p>\n\n\n\n<h2 class=\"wp-block-heading\">Was bedeutet das?<\/h2>\n\n\n\n<p>In der Rolle als <a rel=\"noreferrer noopener\" href=\"https:\/\/digitalysator.com\/\" target=\"_blank\">Digitalysator<\/a> unterst\u00fctze ich Kunden bei der digitalen Transformation. Dabei sorge ich daf\u00fcr, dass die investierte Gesamtenergie in das Projekt (sprich: Aufwand und Kosten), wie bei der Katalyse gesenkt wird und dennoch das gleiche Resultat (sprich: Ziel) erreicht wird.<\/p>\n\n\n\n<h2 class=\"wp-block-heading\">Kurzgefasst<\/h2>\n\n\n\n<p><code>Digitalysator = Digitale Transformation + Katalysator<\/code><\/p>\n\n\n\n<p>Der Digitalysator ist ein personifizierter Katalysator der digitalen Transformation.<\/p>\n\n\n\n<div class=\"wp-block-columns is-layout-flex wp-container-core-columns-is-layout-9d6595d7 wp-block-columns-is-layout-flex\">\n<div class=\"wp-block-column is-layout-flow wp-block-column-is-layout-flow\"><div class=\"wp-block-post-author-name\">Thomas G\u00e4rtner<\/div><\/div>\n\n\n\n<div class=\"wp-block-column is-layout-flow wp-block-column-is-layout-flow\"><div class=\"wp-block-post-date\"><time datetime=\"2021-02-20T07:25:00+01:00\">20.02.2021<\/time><\/div><\/div>\n<\/div>\n\n\n\n<hr class=\"wp-block-separator has-alpha-channel-opacity\"\/>\n\n\n\n<p>Nachdem ich einige Jahre sp\u00e4ter dar\u00fcber nachgedacht habe, k\u00f6nnte ein Digitalysator auch ein Werkzeug sein. Entscheidend ist, dass es in einem Digitalisierungsprojekt in gleichen Sinne die Funktion hat, die aufzubringende Energie zu minimieren, um das Ziel zu erreichen.<\/p>\n\n\n\n<h2 class=\"wp-block-heading\">Ein enzyklop\u00e4discher Definitionsansatz<\/h2>\n\n\n\n<p>Ein <strong>Digitalysator<\/strong> ist ein Werkzeug, eine Methode, eine Person oder ein System, das innerhalb eines Digitalisierungsprozesses den notwendigen Aufwand reduziert, um ein digitales Transformationsziel zu erreichen.<\/p>\n\n\n\n<p>Der Begriff lehnt sich funktional an den Begriff des Katalysators an. Analog dazu beschreibt ein Digitalysator einen beschleunigenden oder hemmnisreduzierenden Faktor innerhalb technischer oder organisatorischer Ver\u00e4nderungsprozesse.<\/p>\n\n\n\n<p>Digitalysatoren k\u00f6nnen beispielsweise sein:<\/p>\n\n\n\n<ul class=\"wp-block-list\">\n<li>Softwarewerkzeuge zur Automatisierung,<\/li>\n\n\n\n<li>standardisierte Schnittstellen,<\/li>\n\n\n\n<li>KI-gest\u00fctzte Assistenzsysteme,<\/li>\n\n\n\n<li>digitale Plattformen,<\/li>\n\n\n\n<li>Organisationsmethoden,<\/li>\n\n\n\n<li>oder Personen mit vermittelnder Transformationsfunktion.<\/li>\n<\/ul>\n\n\n\n<p>Ziel eines Digitalysators ist es, Reibungsverluste, Komplexit\u00e4t, Kosten oder zeitlichen Aufwand innerhalb von Digitalisierungsprojekten zu minimieren.<\/p>\n","protected":false},"excerpt":{"rendered":"<p>Was ist das? Der Begriff Digitalysator ist eine Komposition der beiden Worte: Wenn man so will ein Neologismus, der mir in Bezug auf meine T\u00e4tigkeiten und Aktivit\u00e4ten im IT-Bereich eingefallen ist. Das Kunstwort Digitalysator steht f\u00fcr eine Funktion innerhalb eines Digitalisierungsprojekts. Urspr\u00fcnglich sollte es die Vereinigung von T\u00e4tigkeiten und Aufgaben mit Bezug zur Zielsetzung des [&hellip;]<\/p>\n","protected":false},"author":2,"featured_media":333,"parent":0,"menu_order":0,"comment_status":"closed","ping_status":"closed","template":"","meta":{"ngg_post_thumbnail":0,"footnotes":""},"class_list":["post-332","page","type-page","status-publish","has-post-thumbnail","hentry","entry","has-media"],"jetpack-related-posts":[],"jetpack_sharing_enabled":true,"_links":{"self":[{"href":"https:\/\/digitalysator.com\/blog\/wp-json\/wp\/v2\/pages\/332","targetHints":{"allow":["GET"]}}],"collection":[{"href":"https:\/\/digitalysator.com\/blog\/wp-json\/wp\/v2\/pages"}],"about":[{"href":"https:\/\/digitalysator.com\/blog\/wp-json\/wp\/v2\/types\/page"}],"author":[{"embeddable":true,"href":"https:\/\/digitalysator.com\/blog\/wp-json\/wp\/v2\/users\/2"}],"replies":[{"embeddable":true,"href":"https:\/\/digitalysator.com\/blog\/wp-json\/wp\/v2\/comments?post=332"}],"version-history":[{"count":7,"href":"https:\/\/digitalysator.com\/blog\/wp-json\/wp\/v2\/pages\/332\/revisions"}],"predecessor-version":[{"id":654,"href":"https:\/\/digitalysator.com\/blog\/wp-json\/wp\/v2\/pages\/332\/revisions\/654"}],"wp:featuredmedia":[{"embeddable":true,"href":"https:\/\/digitalysator.com\/blog\/wp-json\/wp\/v2\/media\/333"}],"wp:attachment":[{"href":"https:\/\/digitalysator.com\/blog\/wp-json\/wp\/v2\/media?parent=332"}],"curies":[{"name":"wp","href":"https:\/\/api.w.org\/{rel}","templated":true}]}}